{"id":798,"date":"2020-07-02T18:30:40","date_gmt":"2020-07-02T23:30:40","guid":{"rendered":"http:\/\/www.oriundo.pe\/?page_id=798"},"modified":"2020-07-04T15:12:05","modified_gmt":"2020-07-04T20:12:05","slug":"condiciones","status":"publish","type":"page","link":"https:\/\/oriundo.pe\/en\/condiciones\/","title":{"rendered":"CONDITIONS"},"content":{"rendered":"<div class=\"wpb-content-wrapper\"><p><\/p>\n<div id=\"fondo-home\" style=\"width: 65%; background: url('https:\/\/www.oriundo.pe\/img\/bg2.png'); height: auto; margin-left: 15%; margin-bottom: -10px; padding: 30px 20px;\">[vc_row][vc_column width=&#8221;1\/1&#8243;][pt_text text_align=&#8221;align-left&#8221; color=&#8221;#42210b&#8221;]<button id=\"regresar\" style=\"padding:0 10px;\" onclick=\"goBack()\">< Back to form <\/button><\/p>\n<h5 style=\"text-align: center; color: #42210b;\">CONDITIONS<\/h5>\n<p>[\/pt_text][\/vc_column][\/vc_row][vc_row][vc_column width=&#8221;1\/1&#8243;]<\/p>\n<div id=\"nosotros-scroll\" style=\"width: 555px; height: 260px; overflow-y: scroll; padding: 20px;\">\n<p style=\"text-align: justify; color: #42210b;\">\n<br \/>**Condiciones<br \/>\u2022  De encontrarse alg\u00fan dato falso y\/o confuso, el distribuidor y\/o productor puede desistir del pedido, sin necesidad de comunicarse con el cliente y\/o emisor de la orden de compra<span >; sin derecho a ning\u00fan tipo de reclamo por ninguna persona natural y\/o jur\u00eddica.<\/span><br \/>\u2022  De no encontrarse la direcci\u00f3n indicada, el distribuidor y\/o productor se comunicar\u00e1 con el cliente para solicitar mayor referencia pudiendo aplicar sobrecargos por costos adicionales en la entrega, si lo creen necesario<span >; sin derecho a ning\u00fan tipo de reclamo por ninguna persona natural y\/o jur\u00eddica.<\/span><br \/>\u2022  El distribuidor podr\u00e1 desistir o reprogramar la entrega en caso no encuentre la direcci\u00f3n indicada<span >; sin derecho a ning\u00fan tipo de reclamo por ninguna persona natural y\/o jur\u00eddica.<\/span><br \/>\u2022  El Distribuidor deber\u00e1 encontrar a la persona indicada en el formulario, caso contrario puede optar por no entregar el pedido y retirarse<span >; sin derecho a ning\u00fan tipo de reclamo por ninguna persona natural y\/o jur\u00eddica.<\/span><br \/>\u2022  En caso se trunque la entrega del pedido por la raz\u00f3n que fuere, el distribuidor devolver\u00e1 al cliente, de existir abono previo y a la misma cuenta emisora del pago, el monto del pedido menos los gastos administrativos y costos operativos generados si as\u00ed lo cree necesario<span >; sin derecho a ning\u00fan tipo de reclamo por ninguna persona natural y\/o jur\u00eddica.<\/span><br \/>\u2022  El pedido estar\u00e1 sujeto al stock del distribuidor, quien comunicar\u00e1 al cliente su conformidad del pedido o sugerir\u00e1 cambios al mismo. Ante ello el cliente podr\u00e1 aceptar los cambios o desistir de su pedido<span >; sin derecho a ning\u00fan tipo de reclamo por ninguna persona natural y\/o jur\u00eddica.<\/span><br \/>\u2022  El cliente deber\u00e1 abonar, previamente, a la cuenta del distribuidor el monto indicado por su pedido. As\u00ed mismo el distribuidor podr\u00e1 autorizar expresamente el pago en efectivo a la hora de la entrega del pedido si asi lo considera conveniente<span >; sin derecho a ning\u00fan tipo de reclamo por ninguna persona natural y\/o jur\u00eddica.<\/span><br \/>\u2022  En caso que el Distribuidor y\/o productor no tengan dentro de su cobertura de despacho la direcci\u00f3n otorgada por el cliente, podr\u00e1 desistir de su entrega comunic\u00e1ndosela al cliente a los medios de cotacto otorgados<span >; sin derecho a ning\u00fan tipo de reclamo por ninguna persona natural y\/o jur\u00eddica.<\/span><br \/>\u2022  El distribuidor informar\u00e1 al cliente, despu\u00e9s de aprobado la entrega del pedido, el d\u00eda y arco horario de entrega, de no encontrarse o no dar respuesta al llamado del repartidor, \u00e9ste pasar\u00e1 a retirarse<span >; sin derecho a ning\u00fan tipo de reclamo por ninguna persona natural y\/o jur\u00eddica.<\/span><br \/>\u2022  No existe un plazo de respuesta a la orden del pedido de parte del distribuidor ni del productor<span >; sin derecho a ning\u00fan tipo de reclamo por ninguna persona natural y\/o jur\u00eddica.<\/span><br \/>\u2022  El cliente deber\u00e1 revisar y dar conformidad a su pedido en el momento de la entrega por lo que no existen devoluciones de productos de ning\u00fan tipo<span >; sin derecho a ning\u00fan tipo de reclamo por ninguna persona natural y\/o jur\u00eddica.<\/span><br \/>\u2022  En caso el cliente, usuario, consumidor u otro que exponga ante cualquier medio de comunicaci\u00f3n, cualquier detalle de una entrega trunca sin haber cumplido con las condiciones antes expuestas podr\u00e1 ser demandado por parte del distribuidor y\/o productor por los da\u00f1os ocasiones ante las autoridades pertinentes.<\/p>\n<p><\/body><\/p>\n<p><\/html>\n<\/div>\n<p>[\/vc_column][\/vc_row]<br \/>\n<script>\nfunction goBack() {\n  window.history.back();\n}\n<\/script><\/p>\n<\/div>","protected":false},"excerpt":{"rendered":"<p>[vc_row][vc_column width=&#8221;1\/1&#8243;][pt_text text_align=&#8221;align-left&#8221; color=&#8221;#42210b&#8221;]< Back to form CONDITIONS [\/pt_text][\/vc_column][\/vc_row][vc_row][vc_column width=&#8221;1\/1&#8243;] **Condiciones\u2022 De encontrarse alg\u00fan dato falso y\/o confuso, el distribuidor y\/o productor puede desistir del pedido, sin necesidad de comunicarse con el cliente y\/o emisor de la orden de compra; sin derecho a ning\u00fan tipo de reclamo por ninguna persona natural y\/o jur\u00eddica.\u2022 De no [&hellip;]\n<\/p>\n","protected":false},"author":3,"featured_media":0,"parent":0,"menu_order":5,"comment_status":"closed","ping_status":"closed","template":"","meta":[],"_links":{"self":[{"href":"https:\/\/oriundo.pe\/en\/wp-json\/wp\/v2\/pages\/798"}],"collection":[{"href":"https:\/\/oriundo.pe\/en\/wp-json\/wp\/v2\/pages"}],"about":[{"href":"https:\/\/oriundo.pe\/en\/wp-json\/wp\/v2\/types\/page"}],"author":[{"embeddable":true,"href":"https:\/\/oriundo.pe\/en\/wp-json\/wp\/v2\/users\/3"}],"replies":[{"embeddable":true,"href":"https:\/\/oriundo.pe\/en\/wp-json\/wp\/v2\/comments?post=798"}],"version-history":[{"count":20,"href":"https:\/\/oriundo.pe\/en\/wp-json\/wp\/v2\/pages\/798\/revisions"}],"predecessor-version":[{"id":850,"href":"https:\/\/oriundo.pe\/en\/wp-json\/wp\/v2\/pages\/798\/revisions\/850"}],"wp:attachment":[{"href":"https:\/\/oriundo.pe\/en\/wp-json\/wp\/v2\/media?parent=798"}],"curies":[{"name":"wp","href":"https:\/\/api.w.org\/{rel}","templated":true}]}}